{"id":25141,"date":"2023-03-06T19:22:42","date_gmt":"2023-03-06T19:22:42","guid":{"rendered":"https:\/\/idgraphsoluciones.com\/?page_id=25141"},"modified":"2023-03-08T19:23:12","modified_gmt":"2023-03-08T19:23:12","slug":"estrategias-de-fidelizacion","status":"publish","type":"page","link":"https:\/\/idgraphsoluciones.com\/index.php\/estrategias-de-fidelizacion\/","title":{"rendered":"5 Estrategias efectivas para la fidelizaci\u00f3n de los clientes"},"content":{"rendered":"\t\t<div data-elementor-type=\"wp-page\" data-elementor-id=\"25141\" class=\"elementor elementor-25141\">\n\t\t\t\t\t\t<section class=\"elementor-section elementor-top-section elementor-element elementor-element-6388a84 elementor-section-boxed elementor-section-height-default elementor-section-height-default\" data-id=\"6388a84\" data-element_type=\"section\" data-e-type=\"section\">\n\t\t\t\t\t\t<div class=\"elementor-container elementor-column-gap-default\">\n\t\t\t\t\t<div class=\"elementor-column elementor-col-100 elementor-top-column elementor-element elementor-element-ad09f41\" data-id=\"ad09f41\" data-element_type=\"column\" data-e-type=\"column\">\n\t\t\t<div class=\"elementor-widget-wrap elementor-element-populated\">\n\t\t\t\t\t\t<div class=\"elementor-element elementor-element-363d49f elementor-widget elementor-widget-heading\" data-id=\"363d49f\" data-element_type=\"widget\" data-e-type=\"widget\" data-widget_type=\"heading.default\">\n\t\t\t\t<div class=\"elementor-widget-container\">\n\t\t\t\t\t<h1 class=\"elementor-heading-title elementor-size-default\">5 estrategias efectivas para la fidelizaci\u00f3n de clientes<\/h1>\t\t\t\t<\/div>\n\t\t\t\t<\/div>\n\t\t\t\t\t<\/div>\n\t\t<\/div>\n\t\t\t\t\t<\/div>\n\t\t<\/section>\n\t\t\t\t<section class=\"elementor-section elementor-top-section elementor-element elementor-element-2eefda8 elementor-section-boxed elementor-section-height-default elementor-section-height-default\" data-id=\"2eefda8\" data-element_type=\"section\" data-e-type=\"section\">\n\t\t\t\t\t\t<div class=\"elementor-container elementor-column-gap-default\">\n\t\t\t\t\t<div class=\"elementor-column elementor-col-50 elementor-top-column elementor-element elementor-element-9459bde\" data-id=\"9459bde\" data-element_type=\"column\" data-e-type=\"column\">\n\t\t\t<div class=\"elementor-widget-wrap elementor-element-populated\">\n\t\t\t\t\t\t<div class=\"elementor-element elementor-element-9e06bba elementor-widget elementor-widget-text-editor\" data-id=\"9e06bba\" data-element_type=\"widget\" data-e-type=\"widget\" data-widget_type=\"text-editor.default\">\n\t\t\t\t<div class=\"elementor-widget-container\">\n\t\t\t\t\t\t\t\t\t<p>La fidelizaci\u00f3n de clientes es crucial para el \u00e9xito de cualquier negocio. Atraer nuevos clientes puede ser costoso, pero mantener a los clientes existentes felices es mucho m\u00e1s rentable. Aqu\u00ed hay cinco estrategias efectivas para la fidelizaci\u00f3n de clientes:<\/p><p>\u00a0<\/p><ol><li><p>Ofrece un excelente servicio al cliente: La clave para la fidelizaci\u00f3n de clientes es ofrecer un servicio excepcional al cliente. Los clientes son m\u00e1s propensos a volver si han tenido una experiencia positiva con tu empresa. Aseg\u00farate de responder r\u00e1pidamente a las preguntas y comentarios de los clientes, y solucionar cualquier problema que puedan tener de manera oportuna.<\/p><\/li><li><p>Crea programas de recompensas: Los programas de recompensas son una excelente manera de fidelizar a los clientes. Ofrecer incentivos como descuentos, puntos y regalos a los clientes que hacen compras frecuentes fomenta la lealtad del cliente y los hace sentir valorados.<\/p><\/li><li><p>Ofrece promociones especiales: Ofrecer promociones exclusivas a los clientes existentes es una excelente manera de mantenerlos interesados en tu empresa. Ofrece descuentos especiales, promociones de temporada y ofertas exclusivas solo para clientes existentes.<\/p><\/li><li><p>Personaliza la experiencia del cliente: Personalizar la experiencia del cliente puede marcar una gran diferencia. Utiliza la informaci\u00f3n que tienes sobre el cliente para ofrecer recomendaciones personalizadas, enviar ofertas especiales y hacer que el cliente se sienta valorado.<\/p><\/li><li><p>Comun\u00edcate con los clientes de manera regular: Mantener una comunicaci\u00f3n regular con los clientes puede mejorar significativamente su lealtad. Env\u00eda correos electr\u00f3nicos regulares con actualizaciones y ofertas especiales, y publica en las redes sociales para mantener a los clientes informados sobre tu empresa.<\/p><\/li><\/ol><p>Con estas cinco estrategias efectivas para la fidelizaci\u00f3n de clientes, puedes mejorar la satisfacci\u00f3n y la lealtad del cliente, lo que se traduce en mayores ingresos para tu negocio.<\/p>\t\t\t\t\t\t\t\t<\/div>\n\t\t\t\t<\/div>\n\t\t\t\t\t<\/div>\n\t\t<\/div>\n\t\t\t\t<div class=\"elementor-column elementor-col-50 elementor-top-column elementor-element elementor-element-dab400c\" data-id=\"dab400c\" data-element_type=\"column\" data-e-type=\"column\">\n\t\t\t<div class=\"elementor-widget-wrap elementor-element-populated\">\n\t\t\t\t\t\t<div class=\"elementor-element elementor-element-1b8692b elementor-widget elementor-widget-image\" data-id=\"1b8692b\" data-element_type=\"widget\" data-e-type=\"widget\" data-widget_type=\"image.default\">\n\t\t\t\t<div class=\"elementor-widget-container\">\n\t\t\t\t\t\t\t\t\t\t\t\t\t\t\t<img fetchpriority=\"high\" decoding=\"async\" width=\"299\" height=\"168\" src=\"https:\/\/idgraphsoluciones.com\/wp-content\/uploads\/2023\/03\/fidelizacion.jpg\" class=\"attachment-large size-large wp-image-25151\" alt=\"\" \/>\t\t\t\t\t\t\t\t\t\t\t\t\t\t\t<\/div>\n\t\t\t\t<\/div>\n\t\t\t\t<div class=\"elementor-element elementor-element-0d56870 elementor-widget elementor-widget-text-editor\" data-id=\"0d56870\" data-element_type=\"widget\" data-e-type=\"widget\" data-widget_type=\"text-editor.default\">\n\t\t\t\t<div class=\"elementor-widget-container\">\n\t\t\t\t\t\t\t\t\t<h3>\u00bfQuer\u00e9s conocer diferentes formas de implementar una estrategia de fidelizaci\u00f3n de clientes en tu negocio?<\/h3>\t\t\t\t\t\t\t\t<\/div>\n\t\t\t\t<\/div>\n\t\t\t\t<div class=\"elementor-element elementor-element-080ff11 elementor-align-right elementor-widget elementor-widget-button\" data-id=\"080ff11\" data-element_type=\"widget\" data-e-type=\"widget\" data-widget_type=\"button.default\">\n\t\t\t\t<div class=\"elementor-widget-container\">\n\t\t\t\t\t\t\t\t\t<div class=\"elementor-button-wrapper\">\n\t\t\t\t\t<a class=\"elementor-button elementor-button-link elementor-size-sm\" href=\"https:\/\/wa.link\/g1xsdk\">\n\t\t\t\t\t\t<span class=\"elementor-button-content-wrapper\">\n\t\t\t\t\t\t\t\t\t<span class=\"elementor-button-text\">Click aqu\u00ed para Asesor\u00eda Gratuita<\/span>\n\t\t\t\t\t<\/span>\n\t\t\t\t\t<\/a>\n\t\t\t\t<\/div>\n\t\t\t\t\t\t\t\t<\/div>\n\t\t\t\t<\/div>\n\t\t\t\t\t<\/div>\n\t\t<\/div>\n\t\t\t\t\t<\/div>\n\t\t<\/section>\n\t\t\t\t<section class=\"elementor-section elementor-top-section elementor-element elementor-element-a635dc7 elementor-section-boxed elementor-section-height-default elementor-section-height-default\" data-id=\"a635dc7\" data-element_type=\"section\" data-e-type=\"section\">\n\t\t\t\t\t\t<div class=\"elementor-container elementor-column-gap-default\">\n\t\t\t\t\t<div class=\"elementor-column elementor-col-100 elementor-top-column elementor-element elementor-element-3564914\" data-id=\"3564914\" data-element_type=\"column\" data-e-type=\"column\">\n\t\t\t<div class=\"elementor-widget-wrap elementor-element-populated\">\n\t\t\t\t\t\t<div class=\"elementor-element elementor-element-1d01d31 elementor-widget elementor-widget-spacer\" data-id=\"1d01d31\" data-element_type=\"widget\" data-e-type=\"widget\" data-widget_type=\"spacer.default\">\n\t\t\t\t<div class=\"elementor-widget-container\">\n\t\t\t\t\t\t\t<div class=\"elementor-spacer\">\n\t\t\t<div class=\"elementor-spacer-inner\"><\/div>\n\t\t<\/div>\n\t\t\t\t\t\t<\/div>\n\t\t\t\t<\/div>\n\t\t\t\t\t<\/div>\n\t\t<\/div>\n\t\t\t\t\t<\/div>\n\t\t<\/section>\n\t\t\t\t<\/div>\n\t\t","protected":false},"excerpt":{"rendered":"<p>5 estrategias efectivas para la fidelizaci\u00f3n de clientes La fidelizaci\u00f3n de clientes es crucial para el \u00e9xito de cualquier negocio. Atraer nuevos clientes puede ser costoso, pero mantener a los clientes existentes felices es mucho m\u00e1s rentable. Aqu\u00ed hay cinco estrategias efectivas para la fidelizaci\u00f3n de clientes: Ofrece un excelente servicio al cliente: La clave [&hellip;]<\/p>\n","protected":false},"author":1,"featured_media":0,"parent":0,"menu_order":0,"comment_status":"closed","ping_status":"closed","template":"","meta":{"site-sidebar-layout":"no-sidebar","site-content-layout":"page-builder","ast-site-content-layout":"default","site-content-style":"default","site-sidebar-style":"default","ast-global-header-display":"","ast-banner-title-visibility":"","ast-main-header-display":"","ast-hfb-above-header-display":"","ast-hfb-below-header-display":"","ast-hfb-mobile-header-display":"","site-post-title":"disabled","ast-breadcrumbs-content":"","ast-featured-img":"disabled","footer-sml-layout":"","ast-disable-related-posts":"","theme-transparent-header-meta":"default","adv-header-id-meta":"","stick-header-meta":"","header-above-stick-meta":"","header-main-stick-meta":"","header-below-stick-meta":"","astra-migrate-meta-layouts":"default","ast-page-background-enabled":"default","ast-page-background-meta":{"desktop":{"background-color":"var(--ast-global-color-4)","background-image":"","background-repeat":"repeat","background-position":"center center","background-size":"auto","background-attachment":"scroll","background-type":"","background-media":"","overlay-type":"","overlay-color":"","overlay-opacity":"","overlay-gradient":""},"tablet":{"background-color":"","background-image":"","background-repeat":"repeat","background-position":"center center","background-size":"auto","background-attachment":"scroll","background-type":"","background-media":"","overlay-type":"","overlay-color":"","overlay-opacity":"","overlay-gradient":""},"mobile":{"background-color":"","background-image":"","background-repeat":"repeat","background-position":"center center","background-size":"auto","background-attachment":"scroll","background-type":"","background-media":"","overlay-type":"","overlay-color":"","overlay-opacity":"","overlay-gradient":""}},"ast-content-background-meta":{"desktop":{"background-color":"var(--ast-global-color-5)","background-image":"","background-repeat":"repeat","background-position":"center center","background-size":"auto","background-attachment":"scroll","background-type":"","background-media":"","overlay-type":"","overlay-color":"","overlay-opacity":"","overlay-gradient":""},"tablet":{"background-color":"var(--ast-global-color-5)","background-image":"","background-repeat":"repeat","background-position":"center center","background-size":"auto","background-attachment":"scroll","background-type":"","background-media":"","overlay-type":"","overlay-color":"","overlay-opacity":"","overlay-gradient":""},"mobile":{"background-color":"var(--ast-global-color-5)","background-image":"","background-repeat":"repeat","background-position":"center center","background-size":"auto","background-attachment":"scroll","background-type":"","background-media":"","overlay-type":"","overlay-color":"","overlay-opacity":"","overlay-gradient":""}},"footnotes":""},"class_list":["post-25141","page","type-page","status-publish","hentry"],"yoast_head":"<!-- This site is optimized with the Yoast SEO plugin v26.9 - https:\/\/yoast.com\/product\/yoast-seo-wordpress\/ -->\n<title>5 Estrategias efectivas para la fidelizaci\u00f3n de los clientes<\/title>\n<meta name=\"description\" content=\"Conoc\u00e9 5 de las estrastegias mas efectivas e innovadoras para fidelizar a tus clientes en este art\u00edculo. Algunos incluso son gratuitas\" \/>\n<meta name=\"robots\" content=\"index, follow, max-snippet:-1, max-image-preview:large, max-video-preview:-1\" \/>\n<link rel=\"canonical\" href=\"https:\/\/idgraphsoluciones.com\/index.php\/estrategias-de-fidelizacion\/\" \/>\n<meta property=\"og:locale\" content=\"es_ES\" \/>\n<meta property=\"og:type\" content=\"article\" \/>\n<meta property=\"og:title\" content=\"5 Estrategias efectivas para la fidelizaci\u00f3n de los clientes\" \/>\n<meta property=\"og:description\" content=\"Conoc\u00e9 5 de las estrastegias mas efectivas e innovadoras para fidelizar a tus clientes en este art\u00edculo. Algunos incluso son gratuitas\" \/>\n<meta property=\"og:url\" content=\"https:\/\/idgraphsoluciones.com\/index.php\/estrategias-de-fidelizacion\/\" \/>\n<meta property=\"og:site_name\" content=\"ID Graph Soluciones\" \/>\n<meta property=\"article:publisher\" content=\"https:\/\/www.facebook.com\/profile.php?id=100070756212392\" \/>\n<meta property=\"article:modified_time\" content=\"2023-03-08T19:23:12+00:00\" \/>\n<meta property=\"og:image\" content=\"http:\/\/idgraphsoluciones.com\/wp-content\/uploads\/2023\/03\/fidelizacion.jpg\" \/>\n<meta name=\"twitter:card\" content=\"summary_large_image\" \/>\n<meta name=\"twitter:label1\" content=\"Tiempo de lectura\" \/>\n\t<meta name=\"twitter:data1\" content=\"2 minutos\" \/>\n<script type=\"application\/ld+json\" class=\"yoast-schema-graph\">{\"@context\":\"https:\/\/schema.org\",\"@graph\":[{\"@type\":\"WebPage\",\"@id\":\"https:\/\/idgraphsoluciones.com\/index.php\/estrategias-de-fidelizacion\/\",\"url\":\"https:\/\/idgraphsoluciones.com\/index.php\/estrategias-de-fidelizacion\/\",\"name\":\"5 Estrategias efectivas para la fidelizaci\u00f3n de los clientes\",\"isPartOf\":{\"@id\":\"https:\/\/idgraphsoluciones.com\/#website\"},\"primaryImageOfPage\":{\"@id\":\"https:\/\/idgraphsoluciones.com\/index.php\/estrategias-de-fidelizacion\/#primaryimage\"},\"image\":{\"@id\":\"https:\/\/idgraphsoluciones.com\/index.php\/estrategias-de-fidelizacion\/#primaryimage\"},\"thumbnailUrl\":\"http:\/\/idgraphsoluciones.com\/wp-content\/uploads\/2023\/03\/fidelizacion.jpg\",\"datePublished\":\"2023-03-06T19:22:42+00:00\",\"dateModified\":\"2023-03-08T19:23:12+00:00\",\"description\":\"Conoc\u00e9 5 de las estrastegias mas efectivas e innovadoras para fidelizar a tus clientes en este art\u00edculo. Algunos incluso son gratuitas\",\"breadcrumb\":{\"@id\":\"https:\/\/idgraphsoluciones.com\/index.php\/estrategias-de-fidelizacion\/#breadcrumb\"},\"inLanguage\":\"es\",\"potentialAction\":[{\"@type\":\"ReadAction\",\"target\":[\"https:\/\/idgraphsoluciones.com\/index.php\/estrategias-de-fidelizacion\/\"]}]},{\"@type\":\"ImageObject\",\"inLanguage\":\"es\",\"@id\":\"https:\/\/idgraphsoluciones.com\/index.php\/estrategias-de-fidelizacion\/#primaryimage\",\"url\":\"http:\/\/idgraphsoluciones.com\/wp-content\/uploads\/2023\/03\/fidelizacion.jpg\",\"contentUrl\":\"http:\/\/idgraphsoluciones.com\/wp-content\/uploads\/2023\/03\/fidelizacion.jpg\"},{\"@type\":\"BreadcrumbList\",\"@id\":\"https:\/\/idgraphsoluciones.com\/index.php\/estrategias-de-fidelizacion\/#breadcrumb\",\"itemListElement\":[{\"@type\":\"ListItem\",\"position\":1,\"name\":\"Portada\",\"item\":\"https:\/\/idgraphsoluciones.com\/\"},{\"@type\":\"ListItem\",\"position\":2,\"name\":\"5 Estrategias efectivas para la fidelizaci\u00f3n de los clientes\"}]},{\"@type\":\"WebSite\",\"@id\":\"https:\/\/idgraphsoluciones.com\/#website\",\"url\":\"https:\/\/idgraphsoluciones.com\/\",\"name\":\"ID Graph Soluciones\",\"description\":\"Soluciones Inform\u00e1ticas\",\"publisher\":{\"@id\":\"https:\/\/idgraphsoluciones.com\/#organization\"},\"potentialAction\":[{\"@type\":\"SearchAction\",\"target\":{\"@type\":\"EntryPoint\",\"urlTemplate\":\"https:\/\/idgraphsoluciones.com\/?s={search_term_string}\"},\"query-input\":{\"@type\":\"PropertyValueSpecification\",\"valueRequired\":true,\"valueName\":\"search_term_string\"}}],\"inLanguage\":\"es\"},{\"@type\":\"Organization\",\"@id\":\"https:\/\/idgraphsoluciones.com\/#organization\",\"name\":\"ID Graph Soluciones\",\"url\":\"https:\/\/idgraphsoluciones.com\/\",\"logo\":{\"@type\":\"ImageObject\",\"inLanguage\":\"es\",\"@id\":\"https:\/\/idgraphsoluciones.com\/#\/schema\/logo\/image\/\",\"url\":\"https:\/\/idgraphsoluciones.com\/wp-content\/uploads\/2021\/01\/cropped-cropped-IDgraph-Soluciones-Sin-Fondo.png\",\"contentUrl\":\"https:\/\/idgraphsoluciones.com\/wp-content\/uploads\/2021\/01\/cropped-cropped-IDgraph-Soluciones-Sin-Fondo.png\",\"width\":335,\"height\":132,\"caption\":\"ID Graph Soluciones\"},\"image\":{\"@id\":\"https:\/\/idgraphsoluciones.com\/#\/schema\/logo\/image\/\"},\"sameAs\":[\"https:\/\/www.facebook.com\/profile.php?id=100070756212392\",\"https:\/\/www.instagram.com\/idgraphsoluciones\/\"]}]}<\/script>\n<!-- \/ Yoast SEO plugin. -->","yoast_head_json":{"title":"5 Estrategias efectivas para la fidelizaci\u00f3n de los clientes","description":"Conoc\u00e9 5 de las estrastegias mas efectivas e innovadoras para fidelizar a tus clientes en este art\u00edculo. Algunos incluso son gratuitas","robots":{"index":"index","follow":"follow","max-snippet":"max-snippet:-1","max-image-preview":"max-image-preview:large","max-video-preview":"max-video-preview:-1"},"canonical":"https:\/\/idgraphsoluciones.com\/index.php\/estrategias-de-fidelizacion\/","og_locale":"es_ES","og_type":"article","og_title":"5 Estrategias efectivas para la fidelizaci\u00f3n de los clientes","og_description":"Conoc\u00e9 5 de las estrastegias mas efectivas e innovadoras para fidelizar a tus clientes en este art\u00edculo. Algunos incluso son gratuitas","og_url":"https:\/\/idgraphsoluciones.com\/index.php\/estrategias-de-fidelizacion\/","og_site_name":"ID Graph Soluciones","article_publisher":"https:\/\/www.facebook.com\/profile.php?id=100070756212392","article_modified_time":"2023-03-08T19:23:12+00:00","og_image":[{"url":"http:\/\/idgraphsoluciones.com\/wp-content\/uploads\/2023\/03\/fidelizacion.jpg","type":"","width":"","height":""}],"twitter_card":"summary_large_image","twitter_misc":{"Tiempo de lectura":"2 minutos"},"schema":{"@context":"https:\/\/schema.org","@graph":[{"@type":"WebPage","@id":"https:\/\/idgraphsoluciones.com\/index.php\/estrategias-de-fidelizacion\/","url":"https:\/\/idgraphsoluciones.com\/index.php\/estrategias-de-fidelizacion\/","name":"5 Estrategias efectivas para la fidelizaci\u00f3n de los clientes","isPartOf":{"@id":"https:\/\/idgraphsoluciones.com\/#website"},"primaryImageOfPage":{"@id":"https:\/\/idgraphsoluciones.com\/index.php\/estrategias-de-fidelizacion\/#primaryimage"},"image":{"@id":"https:\/\/idgraphsoluciones.com\/index.php\/estrategias-de-fidelizacion\/#primaryimage"},"thumbnailUrl":"http:\/\/idgraphsoluciones.com\/wp-content\/uploads\/2023\/03\/fidelizacion.jpg","datePublished":"2023-03-06T19:22:42+00:00","dateModified":"2023-03-08T19:23:12+00:00","description":"Conoc\u00e9 5 de las estrastegias mas efectivas e innovadoras para fidelizar a tus clientes en este art\u00edculo. Algunos incluso son gratuitas","breadcrumb":{"@id":"https:\/\/idgraphsoluciones.com\/index.php\/estrategias-de-fidelizacion\/#breadcrumb"},"inLanguage":"es","potentialAction":[{"@type":"ReadAction","target":["https:\/\/idgraphsoluciones.com\/index.php\/estrategias-de-fidelizacion\/"]}]},{"@type":"ImageObject","inLanguage":"es","@id":"https:\/\/idgraphsoluciones.com\/index.php\/estrategias-de-fidelizacion\/#primaryimage","url":"http:\/\/idgraphsoluciones.com\/wp-content\/uploads\/2023\/03\/fidelizacion.jpg","contentUrl":"http:\/\/idgraphsoluciones.com\/wp-content\/uploads\/2023\/03\/fidelizacion.jpg"},{"@type":"BreadcrumbList","@id":"https:\/\/idgraphsoluciones.com\/index.php\/estrategias-de-fidelizacion\/#breadcrumb","itemListElement":[{"@type":"ListItem","position":1,"name":"Portada","item":"https:\/\/idgraphsoluciones.com\/"},{"@type":"ListItem","position":2,"name":"5 Estrategias efectivas para la fidelizaci\u00f3n de los clientes"}]},{"@type":"WebSite","@id":"https:\/\/idgraphsoluciones.com\/#website","url":"https:\/\/idgraphsoluciones.com\/","name":"ID Graph Soluciones","description":"Soluciones Inform\u00e1ticas","publisher":{"@id":"https:\/\/idgraphsoluciones.com\/#organization"},"potentialAction":[{"@type":"SearchAction","target":{"@type":"EntryPoint","urlTemplate":"https:\/\/idgraphsoluciones.com\/?s={search_term_string}"},"query-input":{"@type":"PropertyValueSpecification","valueRequired":true,"valueName":"search_term_string"}}],"inLanguage":"es"},{"@type":"Organization","@id":"https:\/\/idgraphsoluciones.com\/#organization","name":"ID Graph Soluciones","url":"https:\/\/idgraphsoluciones.com\/","logo":{"@type":"ImageObject","inLanguage":"es","@id":"https:\/\/idgraphsoluciones.com\/#\/schema\/logo\/image\/","url":"https:\/\/idgraphsoluciones.com\/wp-content\/uploads\/2021\/01\/cropped-cropped-IDgraph-Soluciones-Sin-Fondo.png","contentUrl":"https:\/\/idgraphsoluciones.com\/wp-content\/uploads\/2021\/01\/cropped-cropped-IDgraph-Soluciones-Sin-Fondo.png","width":335,"height":132,"caption":"ID Graph Soluciones"},"image":{"@id":"https:\/\/idgraphsoluciones.com\/#\/schema\/logo\/image\/"},"sameAs":["https:\/\/www.facebook.com\/profile.php?id=100070756212392","https:\/\/www.instagram.com\/idgraphsoluciones\/"]}]}},"_links":{"self":[{"href":"https:\/\/idgraphsoluciones.com\/index.php\/wp-json\/wp\/v2\/pages\/25141","targetHints":{"allow":["GET"]}}],"collection":[{"href":"https:\/\/idgraphsoluciones.com\/index.php\/wp-json\/wp\/v2\/pages"}],"about":[{"href":"https:\/\/idgraphsoluciones.com\/index.php\/wp-json\/wp\/v2\/types\/page"}],"author":[{"embeddable":true,"href":"https:\/\/idgraphsoluciones.com\/index.php\/wp-json\/wp\/v2\/users\/1"}],"replies":[{"embeddable":true,"href":"https:\/\/idgraphsoluciones.com\/index.php\/wp-json\/wp\/v2\/comments?post=25141"}],"version-history":[{"count":27,"href":"https:\/\/idgraphsoluciones.com\/index.php\/wp-json\/wp\/v2\/pages\/25141\/revisions"}],"predecessor-version":[{"id":25202,"href":"https:\/\/idgraphsoluciones.com\/index.php\/wp-json\/wp\/v2\/pages\/25141\/revisions\/25202"}],"wp:attachment":[{"href":"https:\/\/idgraphsoluciones.com\/index.php\/wp-json\/wp\/v2\/media?parent=25141"}],"curies":[{"name":"wp","href":"https:\/\/api.w.org\/{rel}","templated":true}]}}